{"id":135,"date":"2018-07-13T19:18:46","date_gmt":"2018-07-13T19:18:46","guid":{"rendered":"https:\/\/patriciawild.org\/?page_id=135"},"modified":"2023-11-10T15:15:46","modified_gmt":"2023-11-10T15:15:46","slug":"interpretacion-remota","status":"publish","type":"page","link":"https:\/\/patriciawild.org\/en\/interpretacion-remota\/","title":{"rendered":"Remote Simultaneous Interpretation (RSI)"},"content":{"rendered":"<p><img width=\"1024\" height=\"437\" src=\"https:\/\/patriciawild.org\/wp-content\/uploads\/2023\/11\/zoom-1024x437.jpg\" alt=\"Remote Simultaneous Interpretation (RSI)\" decoding=\"async\" loading=\"lazy\" srcset=\"https:\/\/patriciawild.org\/wp-content\/uploads\/2023\/11\/zoom-1024x437.jpg 1024w, https:\/\/patriciawild.org\/wp-content\/uploads\/2023\/11\/zoom-300x128.jpg 300w, https:\/\/patriciawild.org\/wp-content\/uploads\/2023\/11\/zoom-768x327.jpg 768w, https:\/\/patriciawild.org\/wp-content\/uploads\/2023\/11\/zoom-18x8.jpg 18w, https:\/\/patriciawild.org\/wp-content\/uploads\/2023\/11\/zoom-830x354.jpg 830w, https:\/\/patriciawild.org\/wp-content\/uploads\/2023\/11\/zoom-230x98.jpg 230w, https:\/\/patriciawild.org\/wp-content\/uploads\/2023\/11\/zoom-350x149.jpg 350w, https:\/\/patriciawild.org\/wp-content\/uploads\/2023\/11\/zoom-480x205.jpg 480w, https:\/\/patriciawild.org\/wp-content\/uploads\/2023\/11\/zoom.jpg 1501w\" sizes=\"auto, (max-width: 1024px) 100vw, 1024px\" \/>\t\t\t\t\t\t\t\t\t\t\t<\/p>\n<h2>Remote interpreting, online, or Remote Simultaneous Interpretation (RSI)<\/h2>\n<p>RSI allows conference interpreters to work from anywhere in the world through a cloud-based platform, meaning no lag and no equipment needed. Interpreters can be added to any online meeting, hybrid conference, webinar, and more, and can cover several languages at once.  Most common apps are Zoom and Webex.<\/p>","protected":false},"excerpt":{"rendered":"<p>Interpretaci\u00f3n en l\u00ednea, a distancia o interpretaci\u00f3n simult\u00e1nea remota Esta modalidad permite a los int\u00e9rpretes de conferencias trabajar desde cualquier parte del mundo a trav\u00e9s de una plataforma basada en la nube, lo que significa que no hay retardos en el audio y sin necesidad de equipamiento. Se pueden agregar int\u00e9rpretes a cualquier reuni\u00f3n en [&hellip;]<\/p>","protected":false},"author":2,"featured_media":0,"parent":0,"menu_order":0,"comment_status":"closed","ping_status":"closed","template":"page-templates\/page_fullwidth.php","meta":{"footnotes":""},"class_list":["post-135","page","type-page","status-publish","hentry"],"_links":{"self":[{"href":"https:\/\/patriciawild.org\/en\/wp-json\/wp\/v2\/pages\/135","targetHints":{"allow":["GET"]}}],"collection":[{"href":"https:\/\/patriciawild.org\/en\/wp-json\/wp\/v2\/pages"}],"about":[{"href":"https:\/\/patriciawild.org\/en\/wp-json\/wp\/v2\/types\/page"}],"author":[{"embeddable":true,"href":"https:\/\/patriciawild.org\/en\/wp-json\/wp\/v2\/users\/2"}],"replies":[{"embeddable":true,"href":"https:\/\/patriciawild.org\/en\/wp-json\/wp\/v2\/comments?post=135"}],"version-history":[{"count":16,"href":"https:\/\/patriciawild.org\/en\/wp-json\/wp\/v2\/pages\/135\/revisions"}],"predecessor-version":[{"id":817,"href":"https:\/\/patriciawild.org\/en\/wp-json\/wp\/v2\/pages\/135\/revisions\/817"}],"wp:attachment":[{"href":"https:\/\/patriciawild.org\/en\/wp-json\/wp\/v2\/media?parent=135"}],"curies":[{"name":"wp","href":"https:\/\/api.w.org\/{rel}","templated":true}]}}