{"id":116,"date":"2018-07-13T19:02:30","date_gmt":"2018-07-13T19:02:30","guid":{"rendered":"https:\/\/patriciawild.org\/?page_id=116"},"modified":"2023-10-25T17:26:10","modified_gmt":"2023-10-25T17:26:10","slug":"interpretacion-y-traduccion","status":"publish","type":"page","link":"https:\/\/patriciawild.org\/en\/interpretacion-y-traduccion\/","title":{"rendered":"Interpretation and translation"},"content":{"rendered":"<p><img width=\"540\" height=\"287\" src=\"https:\/\/patriciawild.org\/wp-content\/uploads\/2018\/07\/interpretacionconsecutiva.jpg\" alt=\"\" decoding=\"async\" loading=\"lazy\" srcset=\"https:\/\/patriciawild.org\/wp-content\/uploads\/2018\/07\/interpretacionconsecutiva.jpg 540w, https:\/\/patriciawild.org\/wp-content\/uploads\/2018\/07\/interpretacionconsecutiva-300x159.jpg 300w, https:\/\/patriciawild.org\/wp-content\/uploads\/2018\/07\/interpretacionconsecutiva-230x122.jpg 230w, https:\/\/patriciawild.org\/wp-content\/uploads\/2018\/07\/interpretacionconsecutiva-350x186.jpg 350w, https:\/\/patriciawild.org\/wp-content\/uploads\/2018\/07\/interpretacionconsecutiva-480x255.jpg 480w\" sizes=\"auto, (max-width: 540px) 100vw, 540px\" \/><br \/>\n\t\t\t\t\t\t\t\t\t\t<img width=\"540\" height=\"287\" src=\"https:\/\/patriciawild.org\/wp-content\/uploads\/2018\/07\/traducciones.jpg\" alt=\"\" decoding=\"async\" loading=\"lazy\" srcset=\"https:\/\/patriciawild.org\/wp-content\/uploads\/2018\/07\/traducciones.jpg 540w, https:\/\/patriciawild.org\/wp-content\/uploads\/2018\/07\/traducciones-300x159.jpg 300w, https:\/\/patriciawild.org\/wp-content\/uploads\/2018\/07\/traducciones-230x122.jpg 230w, https:\/\/patriciawild.org\/wp-content\/uploads\/2018\/07\/traducciones-350x186.jpg 350w, https:\/\/patriciawild.org\/wp-content\/uploads\/2018\/07\/traducciones-480x255.jpg 480w\" sizes=\"auto, (max-width: 540px) 100vw, 540px\" \/>\t\t\t\t\t\t\t\t\t\t\t<\/p>\n<h5>We customize our services to meet the specific needs of the event.<\/h5>\n<p><strong>Simultaneous Interpretation<\/strong><br \/>The interpreter translates for the audience in real time while the speaker uses his own language during the speech. Attendants wear headphones to listen to the interpretation. This method is used in conferences, congresses, seminars, meetings, training courses.<\/p>\n<p><strong>Advantages of simultaneous interpretation:<\/strong> very accurate translation, more efficient use of time. Only the people who need translation wear headphones, the other people listen directly to the speaker.<\/p>\n<p><strong>Consecutive interpretation<\/strong><br \/>In consecutive interpreting the speaker is required to pause to allow interpretation. Therefore, the time needed is much greater (possibly double the time). No headphones are used. This mode is appropriate when an interpreter accompanies a person or a delegation on a tour, visit, meeting or interview. An interpreter in this role is called an escort interpreter or an escorting interpreter.<\/p>\n<p><strong>Written Translation<\/strong><br \/>Where interpreters have a fundamental proficiency in spoken communication, translators need excellent written skills, and our mother-tongue linguists will deliver accurate, fluent translations designed to achieve local market understanding. We provide readers with information as a native reader would expect to see it.<\/p>\n<p><b>A certified translation and a simple translation<\/b> are not differentiated by the quality of the translation, but because certified translations conserve the legal validity of the original before public institutions.\n\nSworn \/ certified translations in English, Spanish, Portuguese, German and Italian include immigration, legal, marriage and other personal certificates and documents. Passports, birth certificates, death certificates, marriage certificates, depositions, legal statements, driver's licenses, diplomas, academic transcripts, among other.<\/p>\n<p><strong>Simple translations<\/strong> in English, Spanish, Portuguese, German and Italian include websites, commercial or personal letters, invitations to events, internal communication in businesses, annual reports, video contents, interviews, user manuals, contracts and tenders, among other.<\/p>\n<p>\u00a0 <\/p>","protected":false},"excerpt":{"rendered":"<p>Ofrecemos servicios de interpretaci\u00f3n adaptados a las necesidades particulares de cada evento. Interpretaci\u00f3n Simult\u00e1neaEl int\u00e9rprete traduce para los oyentes en tiempo real mientras que el orador presenta el discurso en su propio idioma. Los oyentes disponen de auriculares para escuchar la interpretaci\u00f3n. Esta modalidad se utiliza en conferencias, congresos, seminarios, reuniones, cursos. Ventajas de la [&hellip;]<\/p>","protected":false},"author":2,"featured_media":0,"parent":0,"menu_order":0,"comment_status":"closed","ping_status":"closed","template":"page-templates\/page_fullwidth.php","meta":{"footnotes":""},"class_list":["post-116","page","type-page","status-publish","hentry"],"_links":{"self":[{"href":"https:\/\/patriciawild.org\/en\/wp-json\/wp\/v2\/pages\/116","targetHints":{"allow":["GET"]}}],"collection":[{"href":"https:\/\/patriciawild.org\/en\/wp-json\/wp\/v2\/pages"}],"about":[{"href":"https:\/\/patriciawild.org\/en\/wp-json\/wp\/v2\/types\/page"}],"author":[{"embeddable":true,"href":"https:\/\/patriciawild.org\/en\/wp-json\/wp\/v2\/users\/2"}],"replies":[{"embeddable":true,"href":"https:\/\/patriciawild.org\/en\/wp-json\/wp\/v2\/comments?post=116"}],"version-history":[{"count":34,"href":"https:\/\/patriciawild.org\/en\/wp-json\/wp\/v2\/pages\/116\/revisions"}],"predecessor-version":[{"id":780,"href":"https:\/\/patriciawild.org\/en\/wp-json\/wp\/v2\/pages\/116\/revisions\/780"}],"wp:attachment":[{"href":"https:\/\/patriciawild.org\/en\/wp-json\/wp\/v2\/media?parent=116"}],"curies":[{"name":"wp","href":"https:\/\/api.w.org\/{rel}","templated":true}]}}