{"id":110,"date":"2018-07-13T18:49:38","date_gmt":"2018-07-13T18:49:38","guid":{"rendered":"https:\/\/patriciawild.org\/?page_id=110"},"modified":"2023-10-25T17:22:43","modified_gmt":"2023-10-25T17:22:43","slug":"nosotros","status":"publish","type":"page","link":"https:\/\/patriciawild.org\/en\/nosotros\/","title":{"rendered":"Nosotros \/ About us"},"content":{"rendered":"<p>20 years experience. Lived and had formal education in many countries throughout her life, thus acquiring vast knowledge of different cultures and people. Native fluent in both English and Spanish, and full professional proficiency in Portuguese. Today she works with a team of excellent professionals who provide simultaneous interpretation and translation services in several languages such as German, Spanish, English, Italian and Portuguese.<\/p>","protected":false},"excerpt":{"rendered":"<p>Con una carrera profesional de 20 a\u00f1os marcada de gran dinamismo hoy cuenta con amplia experiencia en varias \u00e1reas. Es biling\u00fce natural ingl\u00e9s\/espa\u00f1ol con fluidez nativa en ambos idiomas y nivel avanzado de portugu\u00e9s. Vivi\u00f3 y se educ\u00f3 en muchos pa\u00edses a lo largo de su vida y adquiri\u00f3 as\u00ed gran conocimiento de distintas culturas, [&hellip;]<\/p>","protected":false},"author":2,"featured_media":0,"parent":0,"menu_order":0,"comment_status":"closed","ping_status":"closed","template":"page-templates\/page_fullwidth.php","meta":{"footnotes":""},"class_list":["post-110","page","type-page","status-publish","hentry"],"_links":{"self":[{"href":"https:\/\/patriciawild.org\/en\/wp-json\/wp\/v2\/pages\/110","targetHints":{"allow":["GET"]}}],"collection":[{"href":"https:\/\/patriciawild.org\/en\/wp-json\/wp\/v2\/pages"}],"about":[{"href":"https:\/\/patriciawild.org\/en\/wp-json\/wp\/v2\/types\/page"}],"author":[{"embeddable":true,"href":"https:\/\/patriciawild.org\/en\/wp-json\/wp\/v2\/users\/2"}],"replies":[{"embeddable":true,"href":"https:\/\/patriciawild.org\/en\/wp-json\/wp\/v2\/comments?post=110"}],"version-history":[{"count":11,"href":"https:\/\/patriciawild.org\/en\/wp-json\/wp\/v2\/pages\/110\/revisions"}],"predecessor-version":[{"id":779,"href":"https:\/\/patriciawild.org\/en\/wp-json\/wp\/v2\/pages\/110\/revisions\/779"}],"wp:attachment":[{"href":"https:\/\/patriciawild.org\/en\/wp-json\/wp\/v2\/media?parent=110"}],"curies":[{"name":"wp","href":"https:\/\/api.w.org\/{rel}","templated":true}]}}