{"id":11,"date":"2018-07-05T18:56:38","date_gmt":"2018-07-05T18:56:38","guid":{"rendered":"https:\/\/patriciawild.org\/?page_id=11"},"modified":"2023-11-17T16:24:21","modified_gmt":"2023-11-17T16:24:21","slug":"inicio","status":"publish","type":"page","link":"https:\/\/patriciawild.org\/en\/","title":{"rendered":"Inicio"},"content":{"rendered":"<h2>NEWS<\/h2>\n<p>\t\t\t\t\t\t<a href=\"https:\/\/patriciawild.org\/en\/nuestro-servicio-de-interpretacion-simultanea-por-zoom\/\" title=\"Our simultaneous interpretation service via Zoom\"><br \/>\n\t\t\t\t\t\t\t<img width=\"1600\" height=\"860\" src=\"https:\/\/patriciawild.org\/wp-content\/uploads\/2023\/09\/interpreter-pw.jpg\" alt=\"\" decoding=\"async\" loading=\"lazy\" srcset=\"https:\/\/patriciawild.org\/wp-content\/uploads\/2023\/09\/interpreter-pw.jpg 1600w, https:\/\/patriciawild.org\/wp-content\/uploads\/2023\/09\/interpreter-pw-300x161.jpg 300w, https:\/\/patriciawild.org\/wp-content\/uploads\/2023\/09\/interpreter-pw-768x413.jpg 768w, https:\/\/patriciawild.org\/wp-content\/uploads\/2023\/09\/interpreter-pw-1024x550.jpg 1024w, https:\/\/patriciawild.org\/wp-content\/uploads\/2023\/09\/interpreter-pw-830x446.jpg 830w, https:\/\/patriciawild.org\/wp-content\/uploads\/2023\/09\/interpreter-pw-230x124.jpg 230w, https:\/\/patriciawild.org\/wp-content\/uploads\/2023\/09\/interpreter-pw-350x188.jpg 350w, https:\/\/patriciawild.org\/wp-content\/uploads\/2023\/09\/interpreter-pw-480x258.jpg 480w\" sizes=\"auto, (max-width: 1600px) 100vw, 1600px\" \/>\t\t\t\t\t\t<\/a>\t\t\t<\/p>\n<h4><a href=\"https:\/\/patriciawild.org\/en\/nuestro-servicio-de-interpretacion-simultanea-por-zoom\/\" rel=\"bookmark\">Our simultaneous interpretation service via Zoom<\/a><\/h4>\n<p>Vista de la pantalla del int\u00e9rprete durante una reuni\u00f3n.\u00a0 Los int\u00e9rpretes van cambiando de idioma seg\u00fan el idioma del orador. Los asistentes pueden seleccionar el canal de audio correspondiente para escuchar al int\u00e9rprete hablar en el idioma de su elecci\u00f3n. En este evento hubo\u00a0136 participantes, de los cuales algunos seleccionaron ingl\u00e9s y otros espa\u00f1ol. El bot\u00f3n de preguntas y respuestas (Q&amp;A) y el de chat permiten a los participantes hacer preguntas durante la reuni\u00f3n y los int\u00e9rpretes realizan una\u00a0\u201ctraducci\u00f3n a la vista\u201d\u00a0para que los oradores puedan entender y responder.\u00a0\u00a0 \u00a1Tambi\u00e9n recibimos excelentes comentarios sobre nuestro trabajo! View of the interpreter\u2019s [&hellip;]<\/p>\n<p>\t\t\t\t\t\t<a href=\"https:\/\/patriciawild.org\/en\/interpretacion-simultanea-presencial-en-las-jornadas-anuales-de-economia-en-el-banco-central-del-uruguay\/\" title=\"Simultaneous in-person interpretation at the Annual Economic Conference at the Central Bank of Uruguay\"><br \/>\n\t\t\t\t\t\t\t<img width=\"1110\" height=\"555\" src=\"https:\/\/patriciawild.org\/wp-content\/uploads\/2023\/08\/foto-bcu-jornadas-de-economia.jpg\" alt=\"\" decoding=\"async\" loading=\"lazy\" srcset=\"https:\/\/patriciawild.org\/wp-content\/uploads\/2023\/08\/foto-bcu-jornadas-de-economia.jpg 1110w, https:\/\/patriciawild.org\/wp-content\/uploads\/2023\/08\/foto-bcu-jornadas-de-economia-300x150.jpg 300w, https:\/\/patriciawild.org\/wp-content\/uploads\/2023\/08\/foto-bcu-jornadas-de-economia-768x384.jpg 768w, https:\/\/patriciawild.org\/wp-content\/uploads\/2023\/08\/foto-bcu-jornadas-de-economia-1024x512.jpg 1024w, https:\/\/patriciawild.org\/wp-content\/uploads\/2023\/08\/foto-bcu-jornadas-de-economia-830x415.jpg 830w, https:\/\/patriciawild.org\/wp-content\/uploads\/2023\/08\/foto-bcu-jornadas-de-economia-230x115.jpg 230w, https:\/\/patriciawild.org\/wp-content\/uploads\/2023\/08\/foto-bcu-jornadas-de-economia-350x175.jpg 350w, https:\/\/patriciawild.org\/wp-content\/uploads\/2023\/08\/foto-bcu-jornadas-de-economia-480x240.jpg 480w\" sizes=\"auto, (max-width: 1110px) 100vw, 1110px\" \/>\t\t\t\t\t\t<\/a>\t\t\t<\/p>\n<h4><a href=\"https:\/\/patriciawild.org\/en\/interpretacion-simultanea-presencial-en-las-jornadas-anuales-de-economia-en-el-banco-central-del-uruguay\/\" rel=\"bookmark\">Simultaneous in-person interpretation at the Annual Economic Conference at the Central Bank of Uruguay<\/a><\/h4>\n<p>Interpretamos en vivo y presencialmente (ingl\u00e9s y espa\u00f1ol) los d\u00edas 22 y 23 de agosto para una granaudiencia y expositores locales e internacionales en este importante evento sobre innovaci\u00f3n financieray mercado de cr\u00e9ditos. Hubo un programa de paneles, sesiones de papers contributivos y conferenciasinternacionales a cargo de la doctora en Econom\u00eda Ana Fostel y del economista Igor Livshits.Somos int\u00e9rpretes profesionales que traducimos en tiempo real lo que dicen los oradores y laspreguntas de la audiencia, sin interrumpir el flujo original de quienes hablan. De esta manera losparticipantes que hablan diferentes idiomas pueden colaborar plenamente entre s\u00ed. Mas info en: \u00a0https:\/\/www.bcu.gub.uy\/Comunicaciones\/Paginas\/Detalle-Noticia.aspx?noticia=242&amp;title=El- [&hellip;]<\/p>\n<p>\t\t\t\t\t\t<a href=\"https:\/\/patriciawild.org\/en\/tres-dias-de-interpretacion-simultanea-en-la-ciudad-de-buenos-aires\/\" title=\"Three days of simultaneous interpretation in Buenos Aires\"><br \/>\n\t\t\t\t\t\t\t<img width=\"4080\" height=\"3072\" src=\"https:\/\/patriciawild.org\/wp-content\/uploads\/2023\/05\/BA2.jpg\" alt=\"\" decoding=\"async\" loading=\"lazy\" srcset=\"https:\/\/patriciawild.org\/wp-content\/uploads\/2023\/05\/BA2.jpg 4080w, https:\/\/patriciawild.org\/wp-content\/uploads\/2023\/05\/BA2-300x226.jpg 300w, https:\/\/patriciawild.org\/wp-content\/uploads\/2023\/05\/BA2-768x578.jpg 768w, https:\/\/patriciawild.org\/wp-content\/uploads\/2023\/05\/BA2-1024x771.jpg 1024w, https:\/\/patriciawild.org\/wp-content\/uploads\/2023\/05\/BA2-830x625.jpg 830w, https:\/\/patriciawild.org\/wp-content\/uploads\/2023\/05\/BA2-230x173.jpg 230w, https:\/\/patriciawild.org\/wp-content\/uploads\/2023\/05\/BA2-350x264.jpg 350w, https:\/\/patriciawild.org\/wp-content\/uploads\/2023\/05\/BA2-480x361.jpg 480w\" sizes=\"auto, (max-width: 4080px) 100vw, 4080px\" \/>\t\t\t\t\t\t<\/a>\t\t\t<\/p>\n<h4><a href=\"https:\/\/patriciawild.org\/en\/tres-dias-de-interpretacion-simultanea-en-la-ciudad-de-buenos-aires\/\" rel=\"bookmark\">Three days of simultaneous interpretation in Buenos Aires<\/a><\/h4>\n<p>Viajamos a Argentina contratadas por National Payments Corporation of India (NPCI). Una organizaci\u00f3n paraguas para operar pagos minoristas y sistemas de liquidaci\u00f3n en la India, creada a partir de una iniciativa del Banco de la Reserva de la India (RBI) y la Asociaci\u00f3n de Bancos de la India (IBA) bajo las disposiciones de la Ley de Sistemas de Pago y Liquidaci\u00f3n de 2007, para crear una s\u00f3lida Infraestructura de pagos y liquidaciones en la India. \u00a0 Tres d\u00edas de interpretaci\u00f3n simult\u00e1nea en ingl\u00e9s y espa\u00f1ol en el Encuentro Latinoamericano de C\u00e1maras de Compensaci\u00f3n (ELOCC), realizado en el Hotel Marriot de [&hellip;]<\/p>\n<p>\t\t\t\t\t\t\t<a href=\"https:\/\/patriciawild.org\/en\/category\/noticias\/\">See all the news<\/a><\/p>\n<h4>SERVICES<\/h4>\n<h5><a href=\"https:\/\/patriciawild.org\/en\/interpretacion-y-traduccion\/\">Interpretation and translation<\/a><\/h5>\n<p><a href=\"https:\/\/patriciawild.org\/en\/interpretacion-y-traduccion\/\">Ofrecemos servicios de interpretaci\u00f3n adaptados a las necesidades particulares de cada evento. Traducci\u00f3n especializada a medida.<\/a><\/p>\n<p>\t\t\t<a href=\"https:\/\/patriciawild.org\/en\/interpretacion-y-traduccion\/\" role=\"button\"><br \/>\n\t\t\t\t\t\tSEE MORE<br \/>\n\t\t\t\t\t<\/a><\/p>\n<h5><a href=\"https:\/\/patriciawild.org\/en\/equipamiento-y-cabinas\/\">Equipment and booths<\/a><\/h5>\n<p>\t\t\t<a href=\"https:\/\/patriciawild.org\/en\/equipamiento-y-cabinas\/\">Multilingual conferences require reliable interpretation equipment operated by competent technicians.<\/a><br \/>\n\t\t\t<a href=\"https:\/\/patriciawild.org\/en\/equipamiento-y-cabinas\/\" role=\"button\"><br \/>\n\t\t\t\t\t\tSEE MORE<br \/>\n\t\t\t\t\t<\/a><\/p>\n<h5><a href=\"https:\/\/patriciawild.org\/en\/interpretacion-remota\/\">Remote Simultaneous Interpretation (RSI)<\/a><\/h5>\n<p>\t\t\t<a href=\"https:\/\/patriciawild.org\/en\/organizacion-de-eventos\/\">RSI allows conference interpreters to work from anywhere in the world through a cloud-based platform, meaning no lag and no equipment needed.<\/a><br \/>\n\t\t\t<a href=\"https:\/\/patriciawild.org\/en\/interpretacion-remota\/\" role=\"button\"><br \/>\n\t\t\t\t\t\tSEE MORE<br \/>\n\t\t\t\t\t<\/a><\/p>\n<h4>OUR CLIENTS<\/h4>\n<figure><img decoding=\"async\" src=\"https:\/\/patriciawild.org\/wp-content\/uploads\/2018\/07\/presidencia2.png\" alt=\"presidencia2\" \/><\/figure>\n<figure><img decoding=\"async\" src=\"https:\/\/patriciawild.org\/wp-content\/uploads\/2018\/07\/johnson2.png\" alt=\"johnson2\" \/><\/figure>\n<figure><img decoding=\"async\" src=\"https:\/\/patriciawild.org\/wp-content\/uploads\/2018\/07\/gp-apg2.png\" alt=\"gp-apg2\" \/><\/figure>\n<figure><img decoding=\"async\" src=\"https:\/\/patriciawild.org\/wp-content\/uploads\/2018\/07\/frsystem.png\" alt=\"frsystem\" \/><\/figure>\n<figure><img decoding=\"async\" src=\"https:\/\/patriciawild.org\/wp-content\/uploads\/2018\/07\/bid2.png\" alt=\"bid2\" \/><\/figure>\n<figure><img decoding=\"async\" src=\"https:\/\/patriciawild.org\/wp-content\/uploads\/2018\/07\/bcu2.png\" alt=\"bcu2\" \/><\/figure>\n<figure><img decoding=\"async\" src=\"https:\/\/patriciawild.org\/wp-content\/uploads\/2018\/07\/bancomundial2.png\" alt=\"bancomundial2\" \/><\/figure>\n<figure><img decoding=\"async\" src=\"https:\/\/patriciawild.org\/wp-content\/uploads\/2018\/07\/acams2.png\" alt=\"acams2\" \/><\/figure>\n<p>\t\t\t\t\t\t\t<a href=\"https:\/\/es-la.facebook.com\/interpretacionytraduccion\/\" target=\"_blank\" rel=\"noopener\"><br \/>\n\t\t\t\t\tFacebook<br \/>\n\t\t\t\t<\/a><br \/>\n\t\t\t\t\t\t\t<a href=\"\" target=\"_blank\" rel=\"noopener\"><br \/>\n\t\t\t\t\tTwitter<br \/>\n\t\t\t\t<\/a><br \/>\n\t\t\t\t\t\t\t<a href=\"https:\/\/uy.linkedin.com\/in\/patriciawild\" target=\"_blank\" rel=\"noopener\"><br \/>\n\t\t\t\t\tLinkedin<br \/>\n\t\t\t\t<\/a><\/p>","protected":false},"excerpt":{"rendered":"<p>NOTICIAS DESTACADAS Nuestro servicio de interpretaci\u00f3n simult\u00e1nea por Zoom Vista de la pantalla del int\u00e9rprete durante una reuni\u00f3n.\u00a0 Los int\u00e9rpretes van cambiando de idioma seg\u00fan el idioma del orador. Los asistentes pueden seleccionar el canal de audio correspondiente para escuchar al int\u00e9rprete hablar en el idioma de su elecci\u00f3n. En este evento hubo\u00a0136 participantes, de [&hellip;]<\/p>","protected":false},"author":1,"featured_media":0,"parent":0,"menu_order":0,"comment_status":"closed","ping_status":"closed","template":"page-templates\/page_front-page.php","meta":{"footnotes":""},"class_list":["post-11","page","type-page","status-publish","hentry"],"_links":{"self":[{"href":"https:\/\/patriciawild.org\/en\/wp-json\/wp\/v2\/pages\/11","targetHints":{"allow":["GET"]}}],"collection":[{"href":"https:\/\/patriciawild.org\/en\/wp-json\/wp\/v2\/pages"}],"about":[{"href":"https:\/\/patriciawild.org\/en\/wp-json\/wp\/v2\/types\/page"}],"author":[{"embeddable":true,"href":"https:\/\/patriciawild.org\/en\/wp-json\/wp\/v2\/users\/1"}],"replies":[{"embeddable":true,"href":"https:\/\/patriciawild.org\/en\/wp-json\/wp\/v2\/comments?post=11"}],"version-history":[{"count":83,"href":"https:\/\/patriciawild.org\/en\/wp-json\/wp\/v2\/pages\/11\/revisions"}],"predecessor-version":[{"id":832,"href":"https:\/\/patriciawild.org\/en\/wp-json\/wp\/v2\/pages\/11\/revisions\/832"}],"wp:attachment":[{"href":"https:\/\/patriciawild.org\/en\/wp-json\/wp\/v2\/media?parent=11"}],"curies":[{"name":"wp","href":"https:\/\/api.w.org\/{rel}","templated":true}]}}